{"id":1122,"date":"2021-09-06T19:21:52","date_gmt":"2021-09-06T17:21:52","guid":{"rendered":"https:\/\/123-stella.com\/?page_id=1122"},"modified":"2021-09-07T17:24:08","modified_gmt":"2021-09-07T15:24:08","slug":"paroline-utili-a2","status":"publish","type":"page","link":"https:\/\/123-stella.com\/?page_id=1122","title":{"rendered":"Paroline utili A2"},"content":{"rendered":"\n<h3 class=\"wp-block-heading\"><strong>Parole per strutturare un testo<\/strong><\/h3>\n\n\n\n<p class=\"wp-block-paragraph\"><strong>Wie kannst, was du sagst oder, was du schreibst, gut strukturieren?<\/strong><\/p>\n\n\n\n<p class=\"wp-block-paragraph\">Einige Begriffe k\u00f6nnen dir helfen. Auf Italienisch bezeichnet man sie &#8220;connettivi&#8221;, also &#8220;Verbindungsw\u00f6rter&#8221;.<\/p>\n\n\n\n<p class=\"wp-block-paragraph\">Hier findest du eine Liste der h\u00e4ufigsten Verbindungsw\u00f6rter f\u00fcr das Niveau A2: <strong><a href=\"https:\/\/123-stella.com\/wp-content\/uploads\/2021\/09\/Connettivi-livello-A2.pdf\"><span class=\"has-inline-color has-vivid-red-color\">Connettivi A2<\/span><\/a><\/strong><span class=\"has-inline-color has-vivid-red-color\"> <\/span>und unten einige \u00dcbungen.<\/p>\n\n\n\n<p class=\"wp-block-paragraph\"><\/p>\n\n\n\n<p class=\"wp-block-paragraph\"><div class=\"h5p-iframe-wrapper\"><iframe id=\"h5p-iframe-53\" class=\"h5p-iframe\" data-content-id=\"53\" style=\"height:1px\" src=\"about:blank\" frameBorder=\"0\" scrolling=\"no\" title=\"A2 Parole per struttura un testo\"><\/iframe><\/div><\/p>\n","protected":false},"excerpt":{"rendered":"<p>Parole per strutturare un testo Wie kannst, was du sagst oder, was du schreibst, gut strukturieren? Einige Begriffe k\u00f6nnen dir helfen. Auf Italienisch bezeichnet man sie &#8220;connettivi&#8221;, also &#8220;Verbindungsw\u00f6rter&#8221;. Hier findest du eine Liste der h\u00e4ufigsten Verbindungsw\u00f6rter f\u00fcr das Niveau A2: Connettivi A2 und unten einige \u00dcbungen.<\/p>\n","protected":false},"author":146925104,"featured_media":0,"parent":0,"menu_order":0,"comment_status":"closed","ping_status":"closed","template":"","meta":{"_coblocks_attr":"","_coblocks_dimensions":"","_coblocks_responsive_height":"","_coblocks_accordion_ie_support":"","_crdt_document":"","advanced_seo_description":"","jetpack_seo_html_title":"","jetpack_seo_noindex":false,"footnotes":""},"class_list":["post-1122","page","type-page","status-publish","hentry","clear"],"jetpack_likes_enabled":true,"jetpack_sharing_enabled":true,"jetpack_shortlink":"https:\/\/wp.me\/PdaqVS-i6","amp_enabled":true,"_links":{"self":[{"href":"https:\/\/123-stella.com\/index.php?rest_route=\/wp\/v2\/pages\/1122","targetHints":{"allow":["GET"]}}],"collection":[{"href":"https:\/\/123-stella.com\/index.php?rest_route=\/wp\/v2\/pages"}],"about":[{"href":"https:\/\/123-stella.com\/index.php?rest_route=\/wp\/v2\/types\/page"}],"author":[{"embeddable":true,"href":"https:\/\/123-stella.com\/index.php?rest_route=\/wp\/v2\/users\/146925104"}],"replies":[{"embeddable":true,"href":"https:\/\/123-stella.com\/index.php?rest_route=%2Fwp%2Fv2%2Fcomments&post=1122"}],"version-history":[{"count":15,"href":"https:\/\/123-stella.com\/index.php?rest_route=\/wp\/v2\/pages\/1122\/revisions"}],"predecessor-version":[{"id":1147,"href":"https:\/\/123-stella.com\/index.php?rest_route=\/wp\/v2\/pages\/1122\/revisions\/1147"}],"wp:attachment":[{"href":"https:\/\/123-stella.com\/index.php?rest_route=%2Fwp%2Fv2%2Fmedia&parent=1122"}],"curies":[{"name":"wp","href":"https:\/\/api.w.org\/{rel}","templated":true}]}}